{"id":18738,"date":"2022-08-23T16:44:38","date_gmt":"2022-08-23T20:44:38","guid":{"rendered":"https:\/\/www.bhvr.com\/?page_id=18738"},"modified":"2022-08-23T16:47:13","modified_gmt":"2022-08-23T20:47:13","slug":"avertissement-epilepsie","status":"publish","type":"page","link":"https:\/\/www.bhvr.com\/fr\/avertissement-epilepsie\/","title":{"rendered":"Avertissement sur l&rsquo;\u00e9pilepsie"},"content":{"rendered":"[vc_row type=\u00a0\u00bbfull_width_background\u00a0\u00bb full_screen_row_position=\u00a0\u00bbmiddle\u00a0\u00bb column_margin=\u00a0\u00bbdefault\u00a0\u00bb column_direction=\u00a0\u00bbdefault\u00a0\u00bb column_direction_tablet=\u00a0\u00bbdefault\u00a0\u00bb column_direction_phone=\u00a0\u00bbdefault\u00a0\u00bb bg_color=\u00a0\u00bb#cc0000&Prime; scene_position=\u00a0\u00bbcenter\u00a0\u00bb top_padding=\u00a0\u00bb14%\u00a0\u00bb bottom_padding=\u00a0\u00bb4%\u00a0\u00bb text_color=\u00a0\u00bblight\u00a0\u00bb text_align=\u00a0\u00bbcenter\u00a0\u00bb row_border_radius=\u00a0\u00bbnone\u00a0\u00bb row_border_radius_applies=\u00a0\u00bbbg\u00a0\u00bb overflow=\u00a0\u00bbvisible\u00a0\u00bb class=\u00a0\u00bbheaderJobs headerContact\u00a0\u00bb overlay_strength=\u00a0\u00bb0.3&Prime; gradient_direction=\u00a0\u00bbleft_to_right\u00a0\u00bb shape_divider_position=\u00a0\u00bbbottom\u00a0\u00bb bg_image_animation=\u00a0\u00bbnone\u00a0\u00bb shape_type=\u00a0\u00bb\u00a0\u00bb gradient_type=\u00a0\u00bbdefault\u00a0\u00bb][vc_column column_padding=\u00a0\u00bbno-extra-padding\u00a0\u00bb column_padding_tablet=\u00a0\u00bbinherit\u00a0\u00bb column_padding_phone=\u00a0\u00bbinherit\u00a0\u00bb column_padding_position=\u00a0\u00bball\u00a0\u00bb column_element_direction_desktop=\u00a0\u00bbdefault\u00a0\u00bb column_element_spacing=\u00a0\u00bbdefault\u00a0\u00bb desktop_text_alignment=\u00a0\u00bbdefault\u00a0\u00bb tablet_text_alignment=\u00a0\u00bbdefault\u00a0\u00bb phone_text_alignment=\u00a0\u00bbdefault\u00a0\u00bb background_color_opacity=\u00a0\u00bb1&Prime; background_hover_color_opacity=\u00a0\u00bb1&Prime; column_backdrop_filter=\u00a0\u00bbnone\u00a0\u00bb column_shadow=\u00a0\u00bbnone\u00a0\u00bb column_border_radius=\u00a0\u00bbnone\u00a0\u00bb column_link_target=\u00a0\u00bb_self\u00a0\u00bb column_position=\u00a0\u00bbdefault\u00a0\u00bb gradient_direction=\u00a0\u00bbleft_to_right\u00a0\u00bb overlay_strength=\u00a0\u00bb0.3&Prime; width=\u00a0\u00bb1\/1&Prime; tablet_width_inherit=\u00a0\u00bbdefault\u00a0\u00bb animation_type=\u00a0\u00bbdefault\u00a0\u00bb bg_image_animation=\u00a0\u00bbnone\u00a0\u00bb border_type=\u00a0\u00bbsimple\u00a0\u00bb column_border_width=\u00a0\u00bbnone\u00a0\u00bb column_border_style=\u00a0\u00bbsolid\u00a0\u00bb][split_line_heading animation_type=\u00a0\u00bbdefault\u00a0\u00bb]\n<h1><strong>Avertissement sur l&rsquo;\u00e9pilepsie<\/strong><\/h1>\n[\/split_line_heading][\/vc_column][\/vc_row][vc_row type=\u00a0\u00bbin_container\u00a0\u00bb full_screen_row_position=\u00a0\u00bbmiddle\u00a0\u00bb column_margin=\u00a0\u00bbdefault\u00a0\u00bb column_direction=\u00a0\u00bbdefault\u00a0\u00bb column_direction_tablet=\u00a0\u00bbdefault\u00a0\u00bb column_direction_phone=\u00a0\u00bbdefault\u00a0\u00bb scene_position=\u00a0\u00bbcenter\u00a0\u00bb text_color=\u00a0\u00bbdark\u00a0\u00bb text_align=\u00a0\u00bbleft\u00a0\u00bb row_border_radius=\u00a0\u00bbnone\u00a0\u00bb row_border_radius_applies=\u00a0\u00bbbg\u00a0\u00bb overflow=\u00a0\u00bbvisible\u00a0\u00bb overlay_strength=\u00a0\u00bb0.3&Prime; gradient_direction=\u00a0\u00bbleft_to_right\u00a0\u00bb shape_divider_position=\u00a0\u00bbbottom\u00a0\u00bb bg_image_animation=\u00a0\u00bbnone\u00a0\u00bb shape_type=\u00a0\u00bb\u00a0\u00bb][vc_column column_padding=\u00a0\u00bbpadding-8-percent\u00a0\u00bb column_padding_tablet=\u00a0\u00bbinherit\u00a0\u00bb column_padding_phone=\u00a0\u00bbinherit\u00a0\u00bb column_padding_position=\u00a0\u00bbtop-bottom\u00a0\u00bb column_element_direction_desktop=\u00a0\u00bbdefault\u00a0\u00bb column_element_spacing=\u00a0\u00bbdefault\u00a0\u00bb desktop_text_alignment=\u00a0\u00bbdefault\u00a0\u00bb tablet_text_alignment=\u00a0\u00bbdefault\u00a0\u00bb phone_text_alignment=\u00a0\u00bbdefault\u00a0\u00bb background_color_opacity=\u00a0\u00bb1&Prime; background_hover_color_opacity=\u00a0\u00bb1&Prime; column_backdrop_filter=\u00a0\u00bbnone\u00a0\u00bb column_shadow=\u00a0\u00bbnone\u00a0\u00bb column_border_radius=\u00a0\u00bbnone\u00a0\u00bb column_link_target=\u00a0\u00bb_self\u00a0\u00bb column_position=\u00a0\u00bbdefault\u00a0\u00bb gradient_direction=\u00a0\u00bbleft_to_right\u00a0\u00bb overlay_strength=\u00a0\u00bb0.3&Prime; width=\u00a0\u00bb1\/6&Prime; tablet_width_inherit=\u00a0\u00bbdefault\u00a0\u00bb animation_type=\u00a0\u00bbdefault\u00a0\u00bb bg_image_animation=\u00a0\u00bbnone\u00a0\u00bb border_type=\u00a0\u00bbsimple\u00a0\u00bb column_border_width=\u00a0\u00bbnone\u00a0\u00bb column_border_style=\u00a0\u00bbsolid\u00a0\u00bb][\/vc_column][vc_column column_padding=\u00a0\u00bbpadding-8-percent\u00a0\u00bb column_padding_tablet=\u00a0\u00bbinherit\u00a0\u00bb column_padding_phone=\u00a0\u00bbinherit\u00a0\u00bb column_padding_position=\u00a0\u00bbtop-bottom\u00a0\u00bb column_element_direction_desktop=\u00a0\u00bbdefault\u00a0\u00bb column_element_spacing=\u00a0\u00bbdefault\u00a0\u00bb desktop_text_alignment=\u00a0\u00bbdefault\u00a0\u00bb tablet_text_alignment=\u00a0\u00bbdefault\u00a0\u00bb phone_text_alignment=\u00a0\u00bbdefault\u00a0\u00bb background_color_opacity=\u00a0\u00bb1&Prime; background_hover_color_opacity=\u00a0\u00bb1&Prime; column_backdrop_filter=\u00a0\u00bbnone\u00a0\u00bb font_color=\u00a0\u00bb#0a0a0a\u00a0\u00bb column_shadow=\u00a0\u00bbnone\u00a0\u00bb column_border_radius=\u00a0\u00bbnone\u00a0\u00bb column_link_target=\u00a0\u00bb_self\u00a0\u00bb column_position=\u00a0\u00bbdefault\u00a0\u00bb gradient_direction=\u00a0\u00bbleft_to_right\u00a0\u00bb overlay_strength=\u00a0\u00bb0.3&Prime; width=\u00a0\u00bb2\/3&Prime; tablet_width_inherit=\u00a0\u00bbdefault\u00a0\u00bb animation_type=\u00a0\u00bbdefault\u00a0\u00bb bg_image_animation=\u00a0\u00bbnone\u00a0\u00bb border_type=\u00a0\u00bbsimple\u00a0\u00bb column_border_width=\u00a0\u00bbnone\u00a0\u00bb column_border_style=\u00a0\u00bbsolid\u00a0\u00bb][vc_column_text]\n<h3><strong><span style=\"color: #000000;\">AVERTISSEMENT : PHOTOSENSIBILIT\u00c9\/CRISES D&rsquo;\u00c9PILEPSIE<\/span><\/strong><\/h3>\n<p>LISEZ CET AVIS AVANT DE JOUER<\/p>\n<p>Un petit nombre de personnes est susceptible de faire des crises d&rsquo;\u00e9pilepsie ou de perdre conscience lorsqu&rsquo;expos\u00e9es \u00e0 certains types de lumi\u00e8res clignotantes ou de stimulations lumineuses. Ces personnes, ou m\u00eame des personnes qui n&rsquo;ont pas d&rsquo;ant\u00e9c\u00e9dent m\u00e9dical ou n&rsquo;ont jamais eu de crises d&rsquo;\u00e9pilepsie, peuvent pr\u00e9senter des sympt\u00f4mes ou faire des crises \u00e9pileptiques en jouant \u00e0 des jeux vid\u00e9o.<\/p>\n<p>Si vous, ou l&rsquo;un de vos proches, souffrez d&rsquo;\u00e9pilepsie ou avez d\u00e9j\u00e0 eu des crises de quelque nature que ce soit, consultez votre m\u00e9decin avant de jouer \u00e0 un jeu vid\u00e9o.<\/p>\n<p>CESSEZ IMM\u00c9DIATEMENT le jeu et consultez un m\u00e9decin si vous ou votre enfant pr\u00e9sentez l&rsquo;un des sympt\u00f4mes suivants : \u00e9tourdissements, trouble de la vision, contraction des yeux ou des muscles, mouvements involontaires, perte de conscience, trouble de l&rsquo;orientation ou convulsions. Les parents doivent \u00eatre attentifs \u00e0 de tels sympt\u00f4mes chez leurs enfants.<\/p>\n<p>Vous pouvez r\u00e9duire le risque de crises d&rsquo;\u00e9pilepsie photosensibles en prenant les pr\u00e9cautions suivantes : asseyez-vous plus loin de l&rsquo;\u00e9cran, utilisez un \u00e9cran plus petit, jouez dans une pi\u00e8ce bien \u00e9clair\u00e9e, ne jouez pas lorsque vous \u00eates somnolent ou fatigu\u00e9.[\/vc_column_text][\/vc_column][vc_column column_padding=\u00a0\u00bbno-extra-padding\u00a0\u00bb column_padding_tablet=\u00a0\u00bbinherit\u00a0\u00bb column_padding_phone=\u00a0\u00bbinherit\u00a0\u00bb column_padding_position=\u00a0\u00bball\u00a0\u00bb column_element_direction_desktop=\u00a0\u00bbdefault\u00a0\u00bb column_element_spacing=\u00a0\u00bbdefault\u00a0\u00bb desktop_text_alignment=\u00a0\u00bbdefault\u00a0\u00bb tablet_text_alignment=\u00a0\u00bbdefault\u00a0\u00bb phone_text_alignment=\u00a0\u00bbdefault\u00a0\u00bb background_color_opacity=\u00a0\u00bb1&Prime; background_hover_color_opacity=\u00a0\u00bb1&Prime; column_backdrop_filter=\u00a0\u00bbnone\u00a0\u00bb column_shadow=\u00a0\u00bbnone\u00a0\u00bb column_border_radius=\u00a0\u00bbnone\u00a0\u00bb column_link_target=\u00a0\u00bb_self\u00a0\u00bb column_position=\u00a0\u00bbdefault\u00a0\u00bb gradient_direction=\u00a0\u00bbleft_to_right\u00a0\u00bb overlay_strength=\u00a0\u00bb0.3&Prime; width=\u00a0\u00bb1\/6&Prime; tablet_width_inherit=\u00a0\u00bbdefault\u00a0\u00bb animation_type=\u00a0\u00bbdefault\u00a0\u00bb bg_image_animation=\u00a0\u00bbnone\u00a0\u00bb border_type=\u00a0\u00bbsimple\u00a0\u00bb column_border_width=\u00a0\u00bbnone\u00a0\u00bb column_border_style=\u00a0\u00bbsolid\u00a0\u00bb][\/vc_column][\/vc_row]\n","protected":false},"excerpt":{"rendered":"<p>[vc_row type=\u00a0\u00bbfull_width_background\u00a0\u00bb full_screen_row_position=\u00a0\u00bbmiddle\u00a0\u00bb column_margin=\u00a0\u00bbdefault\u00a0\u00bb column_direction=\u00a0\u00bbdefault\u00a0\u00bb column_direction_tablet=\u00a0\u00bbdefault\u00a0\u00bb column_direction_phone=\u00a0\u00bbdefault\u00a0\u00bb bg_color=\u00a0\u00bb#cc0000&Prime; scene_position=\u00a0\u00bbcenter\u00a0\u00bb top_padding=\u00a0\u00bb14%\u00a0\u00bb bottom_padding=\u00a0\u00bb4%\u00a0\u00bb text_color=\u00a0\u00bblight\u00a0\u00bb text_align=\u00a0\u00bbcenter\u00a0\u00bb row_border_radius=\u00a0\u00bbnone\u00a0\u00bb row_border_radius_applies=\u00a0\u00bbbg\u00a0\u00bb overflow=\u00a0\u00bbvisible\u00a0\u00bb class=\u00a0\u00bbheaderJobs headerContact\u00a0\u00bb overlay_strength=\u00a0\u00bb0.3&Prime; gradient_direction=\u00a0\u00bbleft_to_right\u00a0\u00bb shape_divider_position=\u00a0\u00bbbottom\u00a0\u00bb bg_image_animation=\u00a0\u00bbnone\u00a0\u00bb shape_type=\u00a0\u00bb\u00a0\u00bb gradient_type=\u00a0\u00bbdefault\u00a0\u00bb][vc_column column_padding=\u00a0\u00bbno-extra-padding\u00a0\u00bb&#8230;<\/p>\n","protected":false},"author":18,"featured_media":0,"parent":0,"menu_order":0,"comment_status":"closed","ping_status":"closed","template":"","meta":{"_acf_changed":false,"footnotes":""},"class_list":["post-18738","page","type-page","status-publish"],"acf":[],"yoast_head":"<!-- This site is optimized with the Yoast SEO plugin v27.3 - https:\/\/yoast.com\/product\/yoast-seo-wordpress\/ -->\n<title>Contenu de fansAvertissement sur l&#039;\u00e9pilepsie<\/title>\n<meta name=\"description\" content=\"AVERTISSEMENT : PHOTOSENSIBILIT\u00c9\/CRISES D&#039;\u00c9PILEPSIE. LISEZ CET AVIS AVANT DE JOUER\" \/>\n<meta name=\"robots\" content=\"index, follow, max-snippet:-1, max-image-preview:large, max-video-preview:-1\" \/>\n<link rel=\"canonical\" href=\"https:\/\/www.bhvr.com\/fr\/avertissement-epilepsie\/\" \/>\n<meta property=\"og:locale\" content=\"fr_FR\" \/>\n<meta property=\"og:type\" content=\"article\" \/>\n<meta property=\"og:title\" content=\"Contenu de fansAvertissement sur l&#039;\u00e9pilepsie\" \/>\n<meta property=\"og:description\" content=\"AVERTISSEMENT : PHOTOSENSIBILIT\u00c9\/CRISES D&#039;\u00c9PILEPSIE. LISEZ CET AVIS AVANT DE JOUER\" \/>\n<meta property=\"og:url\" content=\"https:\/\/www.bhvr.com\/fr\/avertissement-epilepsie\/\" \/>\n<meta property=\"og:site_name\" content=\"Behaviour Interactive\" \/>\n<meta property=\"article:publisher\" content=\"https:\/\/www.facebook.com\/behaviourinteractive\/\" \/>\n<meta property=\"article:modified_time\" content=\"2022-08-23T20:47:13+00:00\" \/>\n<meta property=\"og:image\" content=\"https:\/\/www.bhvr.com\/wp-content\/uploads\/2021\/01\/meta_JOBS_FB.jpg\" \/>\n\t<meta property=\"og:image:width\" content=\"1200\" \/>\n\t<meta property=\"og:image:height\" content=\"630\" \/>\n\t<meta property=\"og:image:type\" content=\"image\/jpeg\" \/>\n<meta name=\"twitter:card\" content=\"summary_large_image\" \/>\n<meta name=\"twitter:site\" content=\"@Behaviour\" \/>\n<meta name=\"twitter:label1\" content=\"Dur\u00e9e de lecture estim\u00e9e\" \/>\n\t<meta name=\"twitter:data1\" content=\"2 minutes\" \/>\n<script type=\"application\/ld+json\" class=\"yoast-schema-graph\">{\"@context\":\"https:\\\/\\\/schema.org\",\"@graph\":[{\"@type\":\"WebPage\",\"@id\":\"https:\\\/\\\/www.bhvr.com\\\/fr\\\/avertissement-epilepsie\\\/\",\"url\":\"https:\\\/\\\/www.bhvr.com\\\/fr\\\/avertissement-epilepsie\\\/\",\"name\":\"Contenu de fansAvertissement sur l'\u00e9pilepsie\",\"isPartOf\":{\"@id\":\"https:\\\/\\\/www.bhvr.com\\\/#website\"},\"datePublished\":\"2022-08-23T20:44:38+00:00\",\"dateModified\":\"2022-08-23T20:47:13+00:00\",\"description\":\"AVERTISSEMENT : PHOTOSENSIBILIT\u00c9\\\/CRISES D'\u00c9PILEPSIE. LISEZ CET AVIS AVANT DE JOUER\",\"breadcrumb\":{\"@id\":\"https:\\\/\\\/www.bhvr.com\\\/fr\\\/avertissement-epilepsie\\\/#breadcrumb\"},\"inLanguage\":\"fr-FR\",\"potentialAction\":[{\"@type\":\"ReadAction\",\"target\":[\"https:\\\/\\\/www.bhvr.com\\\/fr\\\/avertissement-epilepsie\\\/\"]}]},{\"@type\":\"BreadcrumbList\",\"@id\":\"https:\\\/\\\/www.bhvr.com\\\/fr\\\/avertissement-epilepsie\\\/#breadcrumb\",\"itemListElement\":[{\"@type\":\"ListItem\",\"position\":1,\"name\":\"Home\",\"item\":\"https:\\\/\\\/www.bhvr.com\\\/fr\\\/\"},{\"@type\":\"ListItem\",\"position\":2,\"name\":\"Avertissement sur l&rsquo;\u00e9pilepsie\"}]},{\"@type\":\"WebSite\",\"@id\":\"https:\\\/\\\/www.bhvr.com\\\/#website\",\"url\":\"https:\\\/\\\/www.bhvr.com\\\/\",\"name\":\"Behaviour Interactive\",\"description\":\"leading independent video game developer\",\"publisher\":{\"@id\":\"https:\\\/\\\/www.bhvr.com\\\/#organization\"},\"potentialAction\":[{\"@type\":\"SearchAction\",\"target\":{\"@type\":\"EntryPoint\",\"urlTemplate\":\"https:\\\/\\\/www.bhvr.com\\\/?s={search_term_string}\"},\"query-input\":{\"@type\":\"PropertyValueSpecification\",\"valueRequired\":true,\"valueName\":\"search_term_string\"}}],\"inLanguage\":\"fr-FR\"},{\"@type\":\"Organization\",\"@id\":\"https:\\\/\\\/www.bhvr.com\\\/#organization\",\"name\":\"Behaviour Interactive\",\"url\":\"https:\\\/\\\/www.bhvr.com\\\/\",\"logo\":{\"@type\":\"ImageObject\",\"inLanguage\":\"fr-FR\",\"@id\":\"https:\\\/\\\/www.bhvr.com\\\/#\\\/schema\\\/logo\\\/image\\\/\",\"url\":\"http:\\\/\\\/www.bhvr.com\\\/wp-content\\\/uploads\\\/2019\\\/11\\\/Behaviour_interactive.jpg\",\"contentUrl\":\"http:\\\/\\\/www.bhvr.com\\\/wp-content\\\/uploads\\\/2019\\\/11\\\/Behaviour_interactive.jpg\",\"width\":800,\"height\":800,\"caption\":\"Behaviour Interactive\"},\"image\":{\"@id\":\"https:\\\/\\\/www.bhvr.com\\\/#\\\/schema\\\/logo\\\/image\\\/\"},\"sameAs\":[\"https:\\\/\\\/www.facebook.com\\\/behaviourinteractive\\\/\",\"https:\\\/\\\/x.com\\\/Behaviour\",\"https:\\\/\\\/www.instagram.com\\\/behaviour_interactive\\\/\",\"https:\\\/\\\/ca.linkedin.com\\\/company\\\/behaviour-interactive\",\"https:\\\/\\\/www.youtube.com\\\/channel\\\/UCD0VJCKNdogzxUXtQPNdIiQ\"]}]}<\/script>\n<!-- \/ Yoast SEO plugin. -->","yoast_head_json":{"title":"Contenu de fansAvertissement sur l'\u00e9pilepsie","description":"AVERTISSEMENT : PHOTOSENSIBILIT\u00c9\/CRISES D'\u00c9PILEPSIE. LISEZ CET AVIS AVANT DE JOUER","robots":{"index":"index","follow":"follow","max-snippet":"max-snippet:-1","max-image-preview":"max-image-preview:large","max-video-preview":"max-video-preview:-1"},"canonical":"https:\/\/www.bhvr.com\/fr\/avertissement-epilepsie\/","og_locale":"fr_FR","og_type":"article","og_title":"Contenu de fansAvertissement sur l'\u00e9pilepsie","og_description":"AVERTISSEMENT : PHOTOSENSIBILIT\u00c9\/CRISES D'\u00c9PILEPSIE. LISEZ CET AVIS AVANT DE JOUER","og_url":"https:\/\/www.bhvr.com\/fr\/avertissement-epilepsie\/","og_site_name":"Behaviour Interactive","article_publisher":"https:\/\/www.facebook.com\/behaviourinteractive\/","article_modified_time":"2022-08-23T20:47:13+00:00","og_image":[{"width":1200,"height":630,"url":"https:\/\/www.bhvr.com\/wp-content\/uploads\/2021\/01\/meta_JOBS_FB.jpg","type":"image\/jpeg"}],"twitter_card":"summary_large_image","twitter_site":"@Behaviour","twitter_misc":{"Dur\u00e9e de lecture estim\u00e9e":"2 minutes"},"schema":{"@context":"https:\/\/schema.org","@graph":[{"@type":"WebPage","@id":"https:\/\/www.bhvr.com\/fr\/avertissement-epilepsie\/","url":"https:\/\/www.bhvr.com\/fr\/avertissement-epilepsie\/","name":"Contenu de fansAvertissement sur l'\u00e9pilepsie","isPartOf":{"@id":"https:\/\/www.bhvr.com\/#website"},"datePublished":"2022-08-23T20:44:38+00:00","dateModified":"2022-08-23T20:47:13+00:00","description":"AVERTISSEMENT : PHOTOSENSIBILIT\u00c9\/CRISES D'\u00c9PILEPSIE. LISEZ CET AVIS AVANT DE JOUER","breadcrumb":{"@id":"https:\/\/www.bhvr.com\/fr\/avertissement-epilepsie\/#breadcrumb"},"inLanguage":"fr-FR","potentialAction":[{"@type":"ReadAction","target":["https:\/\/www.bhvr.com\/fr\/avertissement-epilepsie\/"]}]},{"@type":"BreadcrumbList","@id":"https:\/\/www.bhvr.com\/fr\/avertissement-epilepsie\/#breadcrumb","itemListElement":[{"@type":"ListItem","position":1,"name":"Home","item":"https:\/\/www.bhvr.com\/fr\/"},{"@type":"ListItem","position":2,"name":"Avertissement sur l&rsquo;\u00e9pilepsie"}]},{"@type":"WebSite","@id":"https:\/\/www.bhvr.com\/#website","url":"https:\/\/www.bhvr.com\/","name":"Behaviour Interactive","description":"leading independent video game developer","publisher":{"@id":"https:\/\/www.bhvr.com\/#organization"},"potentialAction":[{"@type":"SearchAction","target":{"@type":"EntryPoint","urlTemplate":"https:\/\/www.bhvr.com\/?s={search_term_string}"},"query-input":{"@type":"PropertyValueSpecification","valueRequired":true,"valueName":"search_term_string"}}],"inLanguage":"fr-FR"},{"@type":"Organization","@id":"https:\/\/www.bhvr.com\/#organization","name":"Behaviour Interactive","url":"https:\/\/www.bhvr.com\/","logo":{"@type":"ImageObject","inLanguage":"fr-FR","@id":"https:\/\/www.bhvr.com\/#\/schema\/logo\/image\/","url":"http:\/\/www.bhvr.com\/wp-content\/uploads\/2019\/11\/Behaviour_interactive.jpg","contentUrl":"http:\/\/www.bhvr.com\/wp-content\/uploads\/2019\/11\/Behaviour_interactive.jpg","width":800,"height":800,"caption":"Behaviour Interactive"},"image":{"@id":"https:\/\/www.bhvr.com\/#\/schema\/logo\/image\/"},"sameAs":["https:\/\/www.facebook.com\/behaviourinteractive\/","https:\/\/x.com\/Behaviour","https:\/\/www.instagram.com\/behaviour_interactive\/","https:\/\/ca.linkedin.com\/company\/behaviour-interactive","https:\/\/www.youtube.com\/channel\/UCD0VJCKNdogzxUXtQPNdIiQ"]}]}},"_links":{"self":[{"href":"https:\/\/www.bhvr.com\/fr\/wp-json\/wp\/v2\/pages\/18738","targetHints":{"allow":["GET"]}}],"collection":[{"href":"https:\/\/www.bhvr.com\/fr\/wp-json\/wp\/v2\/pages"}],"about":[{"href":"https:\/\/www.bhvr.com\/fr\/wp-json\/wp\/v2\/types\/page"}],"author":[{"embeddable":true,"href":"https:\/\/www.bhvr.com\/fr\/wp-json\/wp\/v2\/users\/18"}],"replies":[{"embeddable":true,"href":"https:\/\/www.bhvr.com\/fr\/wp-json\/wp\/v2\/comments?post=18738"}],"version-history":[{"count":0,"href":"https:\/\/www.bhvr.com\/fr\/wp-json\/wp\/v2\/pages\/18738\/revisions"}],"wp:attachment":[{"href":"https:\/\/www.bhvr.com\/fr\/wp-json\/wp\/v2\/media?parent=18738"}],"curies":[{"name":"wp","href":"https:\/\/api.w.org\/{rel}","templated":true}]}}