{"id":16694,"date":"2021-05-21T13:24:20","date_gmt":"2021-05-21T17:24:20","guid":{"rendered":"http:\/\/www.bhvr.com\/?page_id=16694"},"modified":"2022-04-14T12:49:52","modified_gmt":"2022-04-14T16:49:52","slug":"contenu-de-fans","status":"publish","type":"page","link":"https:\/\/www.bhvr.com\/fr\/contenu-de-fans\/","title":{"rendered":"Contenu de fans"},"content":{"rendered":"[vc_row type=\u00a0\u00bbfull_width_background\u00a0\u00bb full_screen_row_position=\u00a0\u00bbmiddle\u00a0\u00bb column_margin=\u00a0\u00bbdefault\u00a0\u00bb column_direction=\u00a0\u00bbdefault\u00a0\u00bb column_direction_tablet=\u00a0\u00bbdefault\u00a0\u00bb column_direction_phone=\u00a0\u00bbdefault\u00a0\u00bb bg_image=\u00a0\u00bb9465&Prime; bg_position=\u00a0\u00bbcenter center\u00a0\u00bb background_image_loading=\u00a0\u00bbdefault\u00a0\u00bb bg_repeat=\u00a0\u00bbno-repeat\u00a0\u00bb scene_position=\u00a0\u00bbcenter\u00a0\u00bb top_padding=\u00a0\u00bb12%\u00a0\u00bb bottom_padding=\u00a0\u00bb7%\u00a0\u00bb text_color=\u00a0\u00bblight\u00a0\u00bb text_align=\u00a0\u00bbcenter\u00a0\u00bb row_border_radius=\u00a0\u00bbnone\u00a0\u00bb row_border_radius_applies=\u00a0\u00bbbg\u00a0\u00bb class=\u00a0\u00bbheaderJobs headerContact\u00a0\u00bb overlay_strength=\u00a0\u00bb0.3&Prime; gradient_direction=\u00a0\u00bbleft_to_right\u00a0\u00bb shape_divider_position=\u00a0\u00bbbottom\u00a0\u00bb bg_image_animation=\u00a0\u00bbnone\u00a0\u00bb shape_type=\u00a0\u00bb\u00a0\u00bb][vc_column column_padding=\u00a0\u00bbno-extra-padding\u00a0\u00bb column_padding_tablet=\u00a0\u00bbinherit\u00a0\u00bb column_padding_phone=\u00a0\u00bbinherit\u00a0\u00bb column_padding_position=\u00a0\u00bball\u00a0\u00bb column_element_spacing=\u00a0\u00bbdefault\u00a0\u00bb background_color_opacity=\u00a0\u00bb1&Prime; background_hover_color_opacity=\u00a0\u00bb1&Prime; column_shadow=\u00a0\u00bbnone\u00a0\u00bb column_border_radius=\u00a0\u00bbnone\u00a0\u00bb column_link_target=\u00a0\u00bb_self\u00a0\u00bb gradient_direction=\u00a0\u00bbleft_to_right\u00a0\u00bb overlay_strength=\u00a0\u00bb0.3&Prime; width=\u00a0\u00bb1\/1&Prime; tablet_width_inherit=\u00a0\u00bbdefault\u00a0\u00bb tablet_text_alignment=\u00a0\u00bbdefault\u00a0\u00bb phone_text_alignment=\u00a0\u00bbdefault\u00a0\u00bb bg_image_animation=\u00a0\u00bbnone\u00a0\u00bb border_type=\u00a0\u00bbsimple\u00a0\u00bb column_border_width=\u00a0\u00bbnone\u00a0\u00bb column_border_style=\u00a0\u00bbsolid\u00a0\u00bb][split_line_heading animation_type=\u00a0\u00bbdefault\u00a0\u00bb]\n<h1>Contenu de fans<\/h1>\n[\/split_line_heading][\/vc_column][\/vc_row][vc_row type=\u00a0\u00bbin_container\u00a0\u00bb full_screen_row_position=\u00a0\u00bbmiddle\u00a0\u00bb column_margin=\u00a0\u00bbdefault\u00a0\u00bb column_direction=\u00a0\u00bbdefault\u00a0\u00bb column_direction_tablet=\u00a0\u00bbdefault\u00a0\u00bb column_direction_phone=\u00a0\u00bbdefault\u00a0\u00bb scene_position=\u00a0\u00bbcenter\u00a0\u00bb text_color=\u00a0\u00bbdark\u00a0\u00bb text_align=\u00a0\u00bbleft\u00a0\u00bb row_border_radius=\u00a0\u00bbnone\u00a0\u00bb row_border_radius_applies=\u00a0\u00bbbg\u00a0\u00bb overlay_strength=\u00a0\u00bb0.3&Prime; gradient_direction=\u00a0\u00bbleft_to_right\u00a0\u00bb shape_divider_position=\u00a0\u00bbbottom\u00a0\u00bb bg_image_animation=\u00a0\u00bbnone\u00a0\u00bb shape_type=\u00a0\u00bb\u00a0\u00bb][vc_column column_padding=\u00a0\u00bbpadding-8-percent\u00a0\u00bb column_padding_tablet=\u00a0\u00bbinherit\u00a0\u00bb column_padding_phone=\u00a0\u00bbinherit\u00a0\u00bb column_padding_position=\u00a0\u00bbtop-bottom\u00a0\u00bb column_element_spacing=\u00a0\u00bbdefault\u00a0\u00bb background_color_opacity=\u00a0\u00bb1&Prime; background_hover_color_opacity=\u00a0\u00bb1&Prime; column_shadow=\u00a0\u00bbnone\u00a0\u00bb column_border_radius=\u00a0\u00bbnone\u00a0\u00bb column_link_target=\u00a0\u00bb_self\u00a0\u00bb gradient_direction=\u00a0\u00bbleft_to_right\u00a0\u00bb overlay_strength=\u00a0\u00bb0.3&Prime; width=\u00a0\u00bb1\/6&Prime; tablet_width_inherit=\u00a0\u00bbdefault\u00a0\u00bb tablet_text_alignment=\u00a0\u00bbdefault\u00a0\u00bb phone_text_alignment=\u00a0\u00bbdefault\u00a0\u00bb bg_image_animation=\u00a0\u00bbnone\u00a0\u00bb border_type=\u00a0\u00bbsimple\u00a0\u00bb column_border_width=\u00a0\u00bbnone\u00a0\u00bb column_border_style=\u00a0\u00bbsolid\u00a0\u00bb][\/vc_column][vc_column column_padding=\u00a0\u00bbpadding-8-percent\u00a0\u00bb column_padding_tablet=\u00a0\u00bbinherit\u00a0\u00bb column_padding_phone=\u00a0\u00bbinherit\u00a0\u00bb column_padding_position=\u00a0\u00bbtop-bottom\u00a0\u00bb column_element_spacing=\u00a0\u00bbdefault\u00a0\u00bb background_color_opacity=\u00a0\u00bb1&Prime; background_hover_color_opacity=\u00a0\u00bb1&Prime; font_color=\u00a0\u00bb#0a0a0a\u00a0\u00bb column_shadow=\u00a0\u00bbnone\u00a0\u00bb column_border_radius=\u00a0\u00bbnone\u00a0\u00bb column_link_target=\u00a0\u00bb_self\u00a0\u00bb gradient_direction=\u00a0\u00bbleft_to_right\u00a0\u00bb overlay_strength=\u00a0\u00bb0.3&Prime; width=\u00a0\u00bb2\/3&Prime; tablet_width_inherit=\u00a0\u00bbdefault\u00a0\u00bb tablet_text_alignment=\u00a0\u00bbdefault\u00a0\u00bb phone_text_alignment=\u00a0\u00bbdefault\u00a0\u00bb bg_image_animation=\u00a0\u00bbnone\u00a0\u00bb border_type=\u00a0\u00bbsimple\u00a0\u00bb column_border_width=\u00a0\u00bbnone\u00a0\u00bb column_border_style=\u00a0\u00bbsolid\u00a0\u00bb][vc_column_text]\n<h3><span style=\"color: #000000;\"><strong>Directives g\u00e9n\u00e9rales sur le contenu de fans<\/strong><\/span><\/h3>\n<p><span style=\"color: #000000;\">Chez Behaviour, nous avons \u00e0 c\u0153ur la passion et la cr\u00e9ativit\u00e9 de notre communaut\u00e9 et souhaitons encourager les cr\u00e9ateurs \u00e0 faire preuve d\u2019inventivit\u00e9 pour produire du contenu non commercial au moyen d\u2019\u00e9l\u00e9ments vid\u00e9os, d\u2019images, de m\u00e9caniques de jeu et d\u2019autres biens de propri\u00e9t\u00e9 commune provenant de nos jeux, \u00e0 l\u2019exception du contenu des voix et de la musique de tiers (d\u00e9finis comme du contenu de fans dans nos <a style=\"color: #000000;\" href=\"https:\/\/www.bhvr.com\/fr\/conditions-dutilisation\/\" target=\"_blank\" rel=\"noopener\"><strong>conditions d\u2019utilisation<\/strong><\/a>) et sous r\u00e9serve de certaines restrictions.<\/span><\/p>\n<p><span style=\"color: #000000;\">Il est important que tous les cr\u00e9ateurs de contenu r\u00e9alisent leur travail en suivant les directives suivantes. Nous vous invitons donc \u00e0 les lire attentivement. Ces directives peuvent \u00eatre mises \u00e0 jour en tout temps et ne doivent pas \u00eatre interpr\u00e9t\u00e9es comme une autorisation \u00e0 utiliser n\u2019importe quel contenu de Behaviour (d\u00e9fini dans la <a style=\"color: #000000;\" href=\"https:\/\/www.bhvr.com\/fr\/conditions-dutilisation\/\" target=\"_blank\" rel=\"noopener\"><strong>section V.A. de nos conditions d\u2019utilisation<\/strong><\/a>).<\/span><\/p>\n<p><span style=\"color: #000000;\">De fa\u00e7on g\u00e9n\u00e9rale, votre contenu de fan peut \u00eatre partag\u00e9 librement sur vos sites web, vos r\u00e9seaux sociaux ou des services num\u00e9riques similaires, comme Facebook, Twitch, YouTube et autres. Cela comprend la diffusion en continu, les vid\u00e9os de type \u00ab Let\u2019s Play \u00bb et tout autre contenu vid\u00e9o en direct ou enregistr\u00e9. Vous ne pouvez pas utiliser le contenu pour obtenir de l\u2019argent ou solliciter des dons ou toute autre forme de contribution mon\u00e9taire. Il est toutefois autoris\u00e9 d\u2019utiliser des publicit\u00e9s conformes \u00e0 la loi avec votre contenu. Nous interdisons toute repr\u00e9sentation ill\u00e9gale, offensante, discriminatoire, controvers\u00e9e ou inexacte de notre contenu et de nos marques, y compris, entre autres, toute imitation, falsification de partenariats, insinuation selon laquelle Behaviour est un commanditaire ou que vous \u00eates un Fog Whisperer et toute promotion de triches ou exploitation de bug.<\/span><\/p>\n<p><span style=\"color: #000000;\">Lorsque vous publiez du contenu de fan, vous le faites \u00e0 vos propres risques, puisqu\u2019il peut \u00eatre retir\u00e9 par Behaviour \u00e0 tout moment et sans pr\u00e9avis. Behaviour se r\u00e9serve le droit d\u2019appliquer ses droits contre toute infraction aux pr\u00e9sentes directives ou \u00e0 ses <a style=\"color: #000000;\" href=\"https:\/\/www.bhvr.com\/fr\/conditions-dutilisation\/\" target=\"_blank\" rel=\"noopener\"><strong>conditions d\u2019utilisation<\/strong><\/a>.<\/span><\/p>\n<p><span style=\"color: #000000;\">N\u2019h\u00e9sitez pas \u00e0 nous identifier dans vos chefs-d\u2019\u0153uvre, nous serions ravis de les voir.<\/span><\/p>\n<h3><span style=\"color: #000000;\"><br \/>\n<strong>Vid\u00e9o<\/strong><br \/>\n<\/span><\/h3>\n<p><span style=\"color: #000000;\">Vous pouvez cr\u00e9er des vid\u00e9os \u00e0 l\u2019aide de notre contenu et les t\u00e9l\u00e9verser ou les diffuser en ligne uniquement si vous y ajoutez votre propre touche de cr\u00e9ativit\u00e9. Les pr\u00e9sentes directives ne donnent pas l\u2019autorisation de simplement t\u00e9l\u00e9verser de nouveau ou dupliquer notre contenu (bandes-annonces, r\u00e9v\u00e9lations, etc.) ou encore de mettre \u00e0 jour des jeux dans leur int\u00e9gralit\u00e9 ou en grande partie. N\u2019h\u00e9sitez pas \u00e0 personnaliser notre contenu et \u00e0 mettre \u00e0 profit votre expression cr\u00e9ative. C\u2019est ce que nous aimons de la communaut\u00e9.<\/span><\/p>\n<p><span style=\"color: #000000;\"><em>DMCA et contenu de tiers<br \/>\n<\/em>Nous savons que vous avez tous des pr\u00e9occupations quant aux avis de retrait en vertu de la DMCA sur les plateformes en ligne. En raison des exigences de licence et du contenu de tiers que nous sommes privil\u00e9gi\u00e9s d\u2019inclure dans nos jeux, Behaviour ne peut pas vous autoriser \u00e0 utiliser le contenu qui appartient \u00e0 d\u2019autres personnes ou entreprises. Par cons\u00e9quent, si de la musique ou tout autre contenu de tiers figure dans votre contenu de fan, vous devrez obtenir la permission de son propri\u00e9taire par vous-m\u00eame.<\/span><\/p>\n<p>&nbsp;<\/p>\n<h3><span style=\"color: #000000;\"><strong>Tests de jeux, services et partenariats<\/strong><\/span><\/h3>\n<p><span style=\"color: #000000;\">Si vous avez sign\u00e9 une entente de non-divulgation avec Behaviour, par exemple pour participer \u00e0 un test de jeu ou pour fournir des services, vous n\u2019\u00eates pas autoris\u00e9 \u00e0 publier du contenu sans l\u2019approbation pr\u00e9alable de Behaviour.<\/span><\/p>\n<p>&nbsp;<\/p>\n<h3><span style=\"color: #000000;\"><strong>Art<\/strong><\/span><\/h3>\n<p><span style=\"color: #000000;\">Les \u0153uvres d\u2019art (quel que soit le support) tir\u00e9es de nos jeux (que ce soit au moyen de mod\u00e8les, d\u2019habillages, d\u2019environnements, d\u2019armes, etc.) ne peuvent pas \u00eatre vendues sans la permission de Behaviour.<\/span><\/p>\n<p><span style=\"color: #000000;\">Nous voulons que vous partagiez vos magnifiques \u0153uvres sur des r\u00e9seaux sociaux comme Twitter et Instagram et sur des r\u00e9seaux de communaut\u00e9 comme DeviantArt. Nous vous prions simplement de ne pas les vendre.<\/span><\/p>\n<p>&nbsp;<\/p>\n<h3><span style=\"color: #000000;\"><strong>Cosplay<\/strong><\/span><\/h3>\n<p><span style=\"color: #000000;\">Nous aimons \u2013 non, nous adorons voir des gens costum\u00e9s en nos personnages. Place \u00e0 la mascarade! Il est permis d\u2019\u00e9changer des costumes et des accessoires au sein de la communaut\u00e9 cosplay, mais la vente et la distribution de ces articles sur toute plateforme, y compris eBay, Etsy, Patreon, Ko-Fi et Amazon sont interdites.<\/span><\/p>\n<p>&nbsp;<\/p>\n<h3><span style=\"color: #000000;\"><strong>Marchandise<\/strong><\/span><\/h3>\n<p><span style=\"color: #000000;\">La cr\u00e9ation et la vente de produits tir\u00e9s de nos jeux sont interdites sans une autorisation de Behaviour ou sans entente de licence avec Behaviour.<\/span><\/p>\n<p><span style=\"color: #000000;\">Nous sommes fiers de nos marques et souhaitons assurer la qualit\u00e9 de l\u2019ensemble de notre marchandise. Veuillez explorer <a style=\"color: #000000;\" href=\"https:\/\/shop.deadbydaylight.com\/\" target=\"_blank\" rel=\"noopener\"><strong>notre boutique<\/strong><\/a>, qui contient toute notre marchandise officielle, pour vous permettre d\u2019exprimer votre enthousiasme pour nos jeux de fa\u00e7on appropri\u00e9e.<\/span><\/p>\n<p>&nbsp;<\/p>\n<h3><span style=\"color: #000000;\"><strong>Jeux et applications<\/strong><\/span><\/h3>\n<p>Bien que nous appr\u00e9cions toujours la cr\u00e9ativit\u00e9 de nos fans, la cr\u00e9ation ou la vente de tout jeu, application ou exp\u00e9rience interactive d\u00e9riv\u00e9e des jeux de Behaviour est strictement interdite.<\/p>\n<p>Nous vous rappelons \u00e9galement que l&rsquo;utilisation de contenu de tiers, notamment l&rsquo;utilisation de contenu appartenant aux tiers conc\u00e9dant des licences \u00e0 Behaviour, est soumise aux conditions de licence de ces tiers.<\/p>\n<h3><span style=\"color: #000000;\"><br \/>\n<strong>Mentions juridiques<\/strong><br \/>\n<\/span><\/h3>\n<p><span style=\"color: #000000;\">Nous ne sommes pas outill\u00e9s pour r\u00e9pondre aux demandes d\u2019autorisations individuelles se rapportant \u00e0 notre contenu. Si vous devez obtenir une preuve ou une autorisation, veuillez vous reporter aux pr\u00e9sentes directives ou \u00e0 nos conditions d\u2019utilisation. Si vous avez des questions qui ne sont pas couvertes par les pr\u00e9sentes directives, veuillez communiquer avec <a style=\"color: #000000;\" href=\"mailto:support@bhvr.com\" target=\"_blank\" rel=\"noopener\"><strong>support@bhvr.com<\/strong><\/a>.<\/span><\/p>\n<p><span style=\"color: #000000;\">Pour vous renseigner sur l\u2019obtention d\u2019une licence pour vendre des \u0153uvres d\u2019art inspir\u00e9es par nos jeux ou des articles de marchandisage tir\u00e9s de nos jeux, veuillez \u00e9crire \u00e0 l\u2019adresse <a style=\"color: #000000;\" href=\"mailto:merch@bhvr.com\" target=\"_blank\" rel=\"noopener\"><strong>merch@bhvr.com<\/strong><\/a>.<\/span><\/p>\n<p><span style=\"color: #000000;\">Pour en savoir plus, veuillez consulter la section \u00ab Propositions cr\u00e9atives aux fins d\u2019usage personnel \u00bb de nos <a style=\"color: #000000;\" href=\"https:\/\/www.bhvr.com\/fr\/conditions-dutilisation\/\" target=\"_blank\" rel=\"noopener\"><strong>conditions d\u2019utilisation<\/strong><\/a>.<\/span>[\/vc_column_text][\/vc_column][vc_column column_padding=\u00a0\u00bbno-extra-padding\u00a0\u00bb column_padding_tablet=\u00a0\u00bbinherit\u00a0\u00bb column_padding_phone=\u00a0\u00bbinherit\u00a0\u00bb column_padding_position=\u00a0\u00bball\u00a0\u00bb column_element_spacing=\u00a0\u00bbdefault\u00a0\u00bb background_color_opacity=\u00a0\u00bb1&Prime; background_hover_color_opacity=\u00a0\u00bb1&Prime; column_shadow=\u00a0\u00bbnone\u00a0\u00bb column_border_radius=\u00a0\u00bbnone\u00a0\u00bb column_link_target=\u00a0\u00bb_self\u00a0\u00bb gradient_direction=\u00a0\u00bbleft_to_right\u00a0\u00bb overlay_strength=\u00a0\u00bb0.3&Prime; width=\u00a0\u00bb1\/6&Prime; tablet_width_inherit=\u00a0\u00bbdefault\u00a0\u00bb tablet_text_alignment=\u00a0\u00bbdefault\u00a0\u00bb phone_text_alignment=\u00a0\u00bbdefault\u00a0\u00bb bg_image_animation=\u00a0\u00bbnone\u00a0\u00bb border_type=\u00a0\u00bbsimple\u00a0\u00bb column_border_width=\u00a0\u00bbnone\u00a0\u00bb column_border_style=\u00a0\u00bbsolid\u00a0\u00bb][\/vc_column][\/vc_row]\n","protected":false},"excerpt":{"rendered":"<p>[vc_row type=\u00a0\u00bbfull_width_background\u00a0\u00bb full_screen_row_position=\u00a0\u00bbmiddle\u00a0\u00bb column_margin=\u00a0\u00bbdefault\u00a0\u00bb column_direction=\u00a0\u00bbdefault\u00a0\u00bb column_direction_tablet=\u00a0\u00bbdefault\u00a0\u00bb column_direction_phone=\u00a0\u00bbdefault\u00a0\u00bb bg_image=\u00a0\u00bb9465&Prime; bg_position=\u00a0\u00bbcenter center\u00a0\u00bb background_image_loading=\u00a0\u00bbdefault\u00a0\u00bb bg_repeat=\u00a0\u00bbno-repeat\u00a0\u00bb scene_position=\u00a0\u00bbcenter\u00a0\u00bb top_padding=\u00a0\u00bb12%\u00a0\u00bb bottom_padding=\u00a0\u00bb7%\u00a0\u00bb text_color=\u00a0\u00bblight\u00a0\u00bb text_align=\u00a0\u00bbcenter\u00a0\u00bb row_border_radius=\u00a0\u00bbnone\u00a0\u00bb row_border_radius_applies=\u00a0\u00bbbg\u00a0\u00bb class=\u00a0\u00bbheaderJobs headerContact\u00a0\u00bb overlay_strength=\u00a0\u00bb0.3&Prime; gradient_direction=\u00a0\u00bbleft_to_right\u00a0\u00bb shape_divider_position=\u00a0\u00bbbottom\u00a0\u00bb bg_image_animation=\u00a0\u00bbnone\u00a0\u00bb&#8230;<\/p>\n","protected":false},"author":18,"featured_media":0,"parent":0,"menu_order":0,"comment_status":"closed","ping_status":"closed","template":"","meta":{"_acf_changed":false,"footnotes":""},"class_list":["post-16694","page","type-page","status-publish"],"acf":[],"yoast_head":"<!-- This site is optimized with the Yoast SEO plugin v27.4 - https:\/\/yoast.com\/product\/yoast-seo-wordpress\/ -->\n<title>Contenu de fans<\/title>\n<meta name=\"description\" content=\"Contenu de fans\" \/>\n<meta name=\"robots\" content=\"index, follow, max-snippet:-1, max-image-preview:large, max-video-preview:-1\" \/>\n<link rel=\"canonical\" href=\"https:\/\/www.bhvr.com\/fr\/contenu-de-fans\/\" \/>\n<meta property=\"og:locale\" content=\"fr_FR\" \/>\n<meta property=\"og:type\" content=\"article\" \/>\n<meta property=\"og:title\" content=\"Contenu de fans\" \/>\n<meta property=\"og:description\" content=\"Contenu de fans\" \/>\n<meta property=\"og:url\" content=\"https:\/\/www.bhvr.com\/fr\/contenu-de-fans\/\" \/>\n<meta property=\"og:site_name\" content=\"Behaviour Interactive\" \/>\n<meta property=\"article:publisher\" content=\"https:\/\/www.facebook.com\/behaviourinteractive\/\" \/>\n<meta property=\"article:modified_time\" content=\"2022-04-14T16:49:52+00:00\" \/>\n<meta property=\"og:image\" content=\"https:\/\/www.bhvr.com\/wp-content\/uploads\/2021\/01\/meta_JOBS_FB.jpg\" \/>\n\t<meta property=\"og:image:width\" content=\"1200\" \/>\n\t<meta property=\"og:image:height\" content=\"630\" \/>\n\t<meta property=\"og:image:type\" content=\"image\/jpeg\" \/>\n<meta name=\"twitter:card\" content=\"summary_large_image\" \/>\n<meta name=\"twitter:site\" content=\"@Behaviour\" \/>\n<meta name=\"twitter:label1\" content=\"Dur\u00e9e de lecture estim\u00e9e\" \/>\n\t<meta name=\"twitter:data1\" content=\"5 minutes\" \/>\n<script type=\"application\/ld+json\" class=\"yoast-schema-graph\">{\"@context\":\"https:\\\/\\\/schema.org\",\"@graph\":[{\"@type\":\"WebPage\",\"@id\":\"https:\\\/\\\/www.bhvr.com\\\/fr\\\/contenu-de-fans\\\/\",\"url\":\"https:\\\/\\\/www.bhvr.com\\\/fr\\\/contenu-de-fans\\\/\",\"name\":\"Contenu de fans\",\"isPartOf\":{\"@id\":\"https:\\\/\\\/www.bhvr.com\\\/#website\"},\"datePublished\":\"2021-05-21T17:24:20+00:00\",\"dateModified\":\"2022-04-14T16:49:52+00:00\",\"description\":\"Contenu de fans\",\"breadcrumb\":{\"@id\":\"https:\\\/\\\/www.bhvr.com\\\/fr\\\/contenu-de-fans\\\/#breadcrumb\"},\"inLanguage\":\"fr-FR\",\"potentialAction\":[{\"@type\":\"ReadAction\",\"target\":[\"https:\\\/\\\/www.bhvr.com\\\/fr\\\/contenu-de-fans\\\/\"]}]},{\"@type\":\"BreadcrumbList\",\"@id\":\"https:\\\/\\\/www.bhvr.com\\\/fr\\\/contenu-de-fans\\\/#breadcrumb\",\"itemListElement\":[{\"@type\":\"ListItem\",\"position\":1,\"name\":\"Home\",\"item\":\"https:\\\/\\\/www.bhvr.com\\\/fr\\\/\"},{\"@type\":\"ListItem\",\"position\":2,\"name\":\"Contenu de fans\"}]},{\"@type\":\"WebSite\",\"@id\":\"https:\\\/\\\/www.bhvr.com\\\/#website\",\"url\":\"https:\\\/\\\/www.bhvr.com\\\/\",\"name\":\"Behaviour Interactive\",\"description\":\"leading independent video game developer\",\"publisher\":{\"@id\":\"https:\\\/\\\/www.bhvr.com\\\/#organization\"},\"potentialAction\":[{\"@type\":\"SearchAction\",\"target\":{\"@type\":\"EntryPoint\",\"urlTemplate\":\"https:\\\/\\\/www.bhvr.com\\\/?s={search_term_string}\"},\"query-input\":{\"@type\":\"PropertyValueSpecification\",\"valueRequired\":true,\"valueName\":\"search_term_string\"}}],\"inLanguage\":\"fr-FR\"},{\"@type\":\"Organization\",\"@id\":\"https:\\\/\\\/www.bhvr.com\\\/#organization\",\"name\":\"Behaviour Interactive\",\"url\":\"https:\\\/\\\/www.bhvr.com\\\/\",\"logo\":{\"@type\":\"ImageObject\",\"inLanguage\":\"fr-FR\",\"@id\":\"https:\\\/\\\/www.bhvr.com\\\/#\\\/schema\\\/logo\\\/image\\\/\",\"url\":\"http:\\\/\\\/www.bhvr.com\\\/wp-content\\\/uploads\\\/2019\\\/11\\\/Behaviour_interactive.jpg\",\"contentUrl\":\"http:\\\/\\\/www.bhvr.com\\\/wp-content\\\/uploads\\\/2019\\\/11\\\/Behaviour_interactive.jpg\",\"width\":800,\"height\":800,\"caption\":\"Behaviour Interactive\"},\"image\":{\"@id\":\"https:\\\/\\\/www.bhvr.com\\\/#\\\/schema\\\/logo\\\/image\\\/\"},\"sameAs\":[\"https:\\\/\\\/www.facebook.com\\\/behaviourinteractive\\\/\",\"https:\\\/\\\/x.com\\\/Behaviour\",\"https:\\\/\\\/www.instagram.com\\\/behaviour_interactive\\\/\",\"https:\\\/\\\/ca.linkedin.com\\\/company\\\/behaviour-interactive\",\"https:\\\/\\\/www.youtube.com\\\/channel\\\/UCD0VJCKNdogzxUXtQPNdIiQ\"]}]}<\/script>\n<!-- \/ Yoast SEO plugin. -->","yoast_head_json":{"title":"Contenu de fans","description":"Contenu de fans","robots":{"index":"index","follow":"follow","max-snippet":"max-snippet:-1","max-image-preview":"max-image-preview:large","max-video-preview":"max-video-preview:-1"},"canonical":"https:\/\/www.bhvr.com\/fr\/contenu-de-fans\/","og_locale":"fr_FR","og_type":"article","og_title":"Contenu de fans","og_description":"Contenu de fans","og_url":"https:\/\/www.bhvr.com\/fr\/contenu-de-fans\/","og_site_name":"Behaviour Interactive","article_publisher":"https:\/\/www.facebook.com\/behaviourinteractive\/","article_modified_time":"2022-04-14T16:49:52+00:00","og_image":[{"width":1200,"height":630,"url":"https:\/\/www.bhvr.com\/wp-content\/uploads\/2021\/01\/meta_JOBS_FB.jpg","type":"image\/jpeg"}],"twitter_card":"summary_large_image","twitter_site":"@Behaviour","twitter_misc":{"Dur\u00e9e de lecture estim\u00e9e":"5 minutes"},"schema":{"@context":"https:\/\/schema.org","@graph":[{"@type":"WebPage","@id":"https:\/\/www.bhvr.com\/fr\/contenu-de-fans\/","url":"https:\/\/www.bhvr.com\/fr\/contenu-de-fans\/","name":"Contenu de fans","isPartOf":{"@id":"https:\/\/www.bhvr.com\/#website"},"datePublished":"2021-05-21T17:24:20+00:00","dateModified":"2022-04-14T16:49:52+00:00","description":"Contenu de fans","breadcrumb":{"@id":"https:\/\/www.bhvr.com\/fr\/contenu-de-fans\/#breadcrumb"},"inLanguage":"fr-FR","potentialAction":[{"@type":"ReadAction","target":["https:\/\/www.bhvr.com\/fr\/contenu-de-fans\/"]}]},{"@type":"BreadcrumbList","@id":"https:\/\/www.bhvr.com\/fr\/contenu-de-fans\/#breadcrumb","itemListElement":[{"@type":"ListItem","position":1,"name":"Home","item":"https:\/\/www.bhvr.com\/fr\/"},{"@type":"ListItem","position":2,"name":"Contenu de fans"}]},{"@type":"WebSite","@id":"https:\/\/www.bhvr.com\/#website","url":"https:\/\/www.bhvr.com\/","name":"Behaviour Interactive","description":"leading independent video game developer","publisher":{"@id":"https:\/\/www.bhvr.com\/#organization"},"potentialAction":[{"@type":"SearchAction","target":{"@type":"EntryPoint","urlTemplate":"https:\/\/www.bhvr.com\/?s={search_term_string}"},"query-input":{"@type":"PropertyValueSpecification","valueRequired":true,"valueName":"search_term_string"}}],"inLanguage":"fr-FR"},{"@type":"Organization","@id":"https:\/\/www.bhvr.com\/#organization","name":"Behaviour Interactive","url":"https:\/\/www.bhvr.com\/","logo":{"@type":"ImageObject","inLanguage":"fr-FR","@id":"https:\/\/www.bhvr.com\/#\/schema\/logo\/image\/","url":"http:\/\/www.bhvr.com\/wp-content\/uploads\/2019\/11\/Behaviour_interactive.jpg","contentUrl":"http:\/\/www.bhvr.com\/wp-content\/uploads\/2019\/11\/Behaviour_interactive.jpg","width":800,"height":800,"caption":"Behaviour Interactive"},"image":{"@id":"https:\/\/www.bhvr.com\/#\/schema\/logo\/image\/"},"sameAs":["https:\/\/www.facebook.com\/behaviourinteractive\/","https:\/\/x.com\/Behaviour","https:\/\/www.instagram.com\/behaviour_interactive\/","https:\/\/ca.linkedin.com\/company\/behaviour-interactive","https:\/\/www.youtube.com\/channel\/UCD0VJCKNdogzxUXtQPNdIiQ"]}]}},"_links":{"self":[{"href":"https:\/\/www.bhvr.com\/fr\/wp-json\/wp\/v2\/pages\/16694","targetHints":{"allow":["GET"]}}],"collection":[{"href":"https:\/\/www.bhvr.com\/fr\/wp-json\/wp\/v2\/pages"}],"about":[{"href":"https:\/\/www.bhvr.com\/fr\/wp-json\/wp\/v2\/types\/page"}],"author":[{"embeddable":true,"href":"https:\/\/www.bhvr.com\/fr\/wp-json\/wp\/v2\/users\/18"}],"replies":[{"embeddable":true,"href":"https:\/\/www.bhvr.com\/fr\/wp-json\/wp\/v2\/comments?post=16694"}],"version-history":[{"count":0,"href":"https:\/\/www.bhvr.com\/fr\/wp-json\/wp\/v2\/pages\/16694\/revisions"}],"wp:attachment":[{"href":"https:\/\/www.bhvr.com\/fr\/wp-json\/wp\/v2\/media?parent=16694"}],"curies":[{"name":"wp","href":"https:\/\/api.w.org\/{rel}","templated":true}]}}